{"id":10,"date":"2019-04-17T20:17:56","date_gmt":"2019-04-17T18:17:56","guid":{"rendered":"https:\/\/www.du-bist-das-meer.at\/?page_id=10"},"modified":"2026-01-17T22:01:04","modified_gmt":"2026-01-17T21:01:04","slug":"kontakt","status":"publish","type":"page","link":"https:\/\/www.du-bist-das-meer.at\/?page_id=10","title":{"rendered":"Terminvereinbarung"},"content":{"rendered":"\n<h2 class=\"wp-block-heading\">Dauer und Kosten<\/h2>\n\n\n\n<p>In der ersten Einheit wird ein ausf\u00fchrliches Erstgespr\u00e4ch gef\u00fchrt sowie das Anliegen besprochen, Dauer ca. 75-90 Minuten, Kosten 80.-\u20ac.<br>Jede weitere Cranio dauert, je nach Anliegen 60-90 Minuten und kostet 80.-\u20ac\/60 Minuten.<br>(Vorbereitungs- und Nachbereitungszeit inklusive, in Pressbaum)<\/p>\n\n\n\n<p>Der Preis ist f\u00fcr Kinder und Jugendliche gleich: 80\u20ac\/ 60 Minuten ,<br>meist dauern diese Cranio-Einheiten allerdings k\u00fcrzer.<\/p>\n\n\n\n<p>Auf Anfrage sind Hausbesuche m\u00f6glich bei Immobilit\u00e4t (+ 20-30.-\u20ac je nach Distanz), weiters sind auch Cranio-Einheiten in 1230 Wien (100.-\u20ac \/ 60 Minuten) bzw in der Natur m\u00f6glich.<\/p>\n\n\n\n<p>Die H\u00e4ufigkeit und Abst\u00e4nde zwischen den Einheiten richten sich nach dem Anliegen und was individuell passend ist. Das vereinbaren wir gemeinsam. Um den Prozess auf K\u00f6rperebene gut zu begleiten, haben sich zumindest drei Einheiten innerhalb von einigen Wochen bew\u00e4hrt.<\/p>\n\n\n\n<p>Eine R\u00fcckverrechnung mit der \u00d6sterr. Gesundheitskasse ist nicht m\u00f6glich, sehr wohl aber mit manchen privaten Versicherungen. Bitte erkundigen Sie sich bei Ihrer Versicherung.<\/p>\n\n\n\n<p>Zur Terminvereinbarung nehmen Sie bitte telefonisch, per SMS oder E-mail Kontakt mit mir auf.<\/p>\n\n\n\n<p>Ich freue mich auf ein Kennenlernen!<\/p>\n\n\n\n<p>Sollten Sie einen vereinbarten Termin nicht einhalten k\u00f6nnen oder wollen, bitte ich Sie mich mindestens 24 Stunden vorher (per E-mail, SMS oder Telefon) zu informieren, da ich Ihnen sonst diese Einheit verrechnen muss.<br>Vielen Dank f\u00fcr Ihr Verst\u00e4ndnis.<\/p>\n\n\n\n<h2 class=\"wp-block-heading\">Bei akuten Erkrankungen<\/h2>\n\n\n\n<p>Bitte kommen Sie nicht zum Termin, wenn Sie Symptome wie Hals-\/ Gliederschmerzen, Fieber, Husten haben.<br>Bitte nehmen Sie vor einem Termin telefonisch Kontakt mit mir auf, wenn Sie an akuten Entz\u00fcndungen leiden.<\/p>\n\n\n\n<h2 class=\"wp-block-heading\">Aufkl\u00e4rung<\/h2>\n\n\n\n<p>Cranio Sacrale Energiearbeit f\u00e4llt unter das freie Gewerbe \u201eHumanenergetik\u201c und wird verstanden als Hilfestellung zur Erreichung einer k\u00f6rperlichen bzw. energetischen Ausgewogenheit.<\/p>\n\n\n\n<p>Cranio Sacrale Energiearbeit stellt eine Ma\u00dfnahme zur Wiederherstellung und Harmonisierung der k\u00f6rpereigenen Energiefelder dar und ist keine Heilbehandlung.<\/p>\n\n\n\n<p>Dementsprechend ist diese Arbeit keinerlei Ersatz f\u00fcr \u00e4rztliche, psychologische oder psychotherapeutische Diagnose und \/oder Therapie oder Behandlung.<br>S\u00e4mtliche Aussagen sind somit keine Diagnosen, sondern stellen rein energetische Zustandsbeschreibungen dar.<\/p>\n\n\n<div class=\"wp-block-image\">\n<figure class=\"alignright size-large is-resized\"><img loading=\"lazy\" decoding=\"async\" width=\"874\" height=\"1024\" src=\"https:\/\/www.du-bist-das-meer.at\/wp-content\/uploads\/2021\/10\/qmbs-he-plakette-web-stand210215-874x1024.png\" alt=\"\" class=\"wp-image-547\" style=\"width:225px;height:263px\" srcset=\"https:\/\/www.du-bist-das-meer.at\/wp-content\/uploads\/2021\/10\/qmbs-he-plakette-web-stand210215-874x1024.png 874w, https:\/\/www.du-bist-das-meer.at\/wp-content\/uploads\/2021\/10\/qmbs-he-plakette-web-stand210215-256x300.png 256w, https:\/\/www.du-bist-das-meer.at\/wp-content\/uploads\/2021\/10\/qmbs-he-plakette-web-stand210215-768x900.png 768w, https:\/\/www.du-bist-das-meer.at\/wp-content\/uploads\/2021\/10\/qmbs-he-plakette-web-stand210215.png 969w\" sizes=\"auto, (max-width: 767px) 89vw, (max-width: 1000px) 54vw, (max-width: 1071px) 543px, 580px\" \/><\/figure>\n<\/div>","protected":false},"excerpt":{"rendered":"<p>Dauer und Kosten In der ersten Einheit wird ein ausf\u00fchrliches Erstgespr\u00e4ch gef\u00fchrt sowie das Anliegen besprochen, Dauer ca. 75-90 Minuten, Kosten 80.-\u20ac.Jede weitere Cranio dauert, je nach Anliegen 60-90 Minuten und kostet 80.-\u20ac\/60 Minuten.(Vorbereitungs- und Nachbereitungszeit inklusive, in Pressbaum) Der Preis ist f\u00fcr Kinder und Jugendliche gleich: 80\u20ac\/ 60 Minuten ,meist dauern diese Cranio-Einheiten allerdings &hellip; <\/p>\n<p class=\"link-more\"><a href=\"https:\/\/www.du-bist-das-meer.at\/?page_id=10\" class=\"more-link\"><span class=\"screen-reader-text\">\u201eTerminvereinbarung\u201c <\/span>weiterlesen<\/a><\/p>\n","protected":false},"author":1,"featured_media":503,"parent":0,"menu_order":0,"comment_status":"closed","ping_status":"closed","template":"","meta":{"footnotes":""},"class_list":["post-10","page","type-page","status-publish","has-post-thumbnail","hentry"],"_links":{"self":[{"href":"https:\/\/www.du-bist-das-meer.at\/index.php?rest_route=\/wp\/v2\/pages\/10","targetHints":{"allow":["GET"]}}],"collection":[{"href":"https:\/\/www.du-bist-das-meer.at\/index.php?rest_route=\/wp\/v2\/pages"}],"about":[{"href":"https:\/\/www.du-bist-das-meer.at\/index.php?rest_route=\/wp\/v2\/types\/page"}],"author":[{"embeddable":true,"href":"https:\/\/www.du-bist-das-meer.at\/index.php?rest_route=\/wp\/v2\/users\/1"}],"replies":[{"embeddable":true,"href":"https:\/\/www.du-bist-das-meer.at\/index.php?rest_route=%2Fwp%2Fv2%2Fcomments&post=10"}],"version-history":[{"count":138,"href":"https:\/\/www.du-bist-das-meer.at\/index.php?rest_route=\/wp\/v2\/pages\/10\/revisions"}],"predecessor-version":[{"id":836,"href":"https:\/\/www.du-bist-das-meer.at\/index.php?rest_route=\/wp\/v2\/pages\/10\/revisions\/836"}],"wp:featuredmedia":[{"embeddable":true,"href":"https:\/\/www.du-bist-das-meer.at\/index.php?rest_route=\/wp\/v2\/media\/503"}],"wp:attachment":[{"href":"https:\/\/www.du-bist-das-meer.at\/index.php?rest_route=%2Fwp%2Fv2%2Fmedia&parent=10"}],"curies":[{"name":"wp","href":"https:\/\/api.w.org\/{rel}","templated":true}]}}