{"id":401,"date":"2021-03-14T20:04:16","date_gmt":"2021-03-14T19:04:16","guid":{"rendered":"https:\/\/www.du-bist-das-meer.at\/?page_id=401"},"modified":"2025-11-27T16:49:37","modified_gmt":"2025-11-27T15:49:37","slug":"cranio","status":"publish","type":"page","link":"https:\/\/www.du-bist-das-meer.at\/?page_id=401","title":{"rendered":"Cranio"},"content":{"rendered":"\n<h1 class=\"wp-block-heading\"><strong>\u00bb Du bist nicht ein Tropfen im Ozean, sondern der Ozean in einem Tropfen<\/strong> \u00ab<\/h1>\n\n\n\n<p><em>Rumi<\/em><\/p>\n\n\n\n<h2 class=\"wp-block-heading\">Warum \u00fcberhaupt Cranio Sacrale K\u00f6rperarbeit?<br>Lat: \u201ecranium\u201c: Sch\u00e4del, \u201eos sacrum\u201c Kreuzbein<\/h2>\n\n\n\n<p>Anforderungen unseres Alltags lassen uns h\u00e4ufig an, und \u00fcber unsere Grenzen gehen.<br>Zeiten der Entspannung , die n\u00f6tig sind um gesund zu bleiben, werden meistens nicht selbstverst\u00e4ndlich im Tagesablauf verankert.<br>Durch die zwei Hauptelemente von Cranio, der Tiefenentspannung und dem wieder ins Flie\u00dfen bringen der K\u00f6rperenergien, ist Cranio hilfreich um die Selbstheilungskr\u00e4fte des K\u00f6rpers zu aktivieren.<\/p>\n\n\n\n<p>Bei Symptomen wie Schmerzen, Verspannungen, Abgeschlagenheit, Schlafst\u00f6rungen, Verdauungsprobleme, \u00c4ngsten, Stimmungsschwankungen, etc. tut eben diese Entspannung und Regeneration gut. Es kann gegengesteuert werden, bevor ein ausgepr\u00e4gtes Ungleichgewicht und irgendwann Krankheit entsteht.<\/p>\n\n\n\n<p>Ebenso ist Cranio unterst\u00fctzend bei Themen rund um die Geburt, Lernschwierigkeiten bei Kindern, die Pubert\u00e4t, PMS, Wechseljahre, bei chronischen Erkrankungen, Burn Out, Long Covid oder auch nach Operationen, St\u00fcrzen, Unf\u00e4llen.<\/p>\n\n\n\n<p>Cranio wirkt auf vielen Ebenen : in funktioneller K\u00f6rperarbeit (Strukturen wie Knochen, B\u00e4ndern, Muskeln, Faszien, Nerven, \u2026) der Arbeit mit Organen, Energieleitbahnen (Meridiane), Energiezentren (Chakren) bis zu existentiellen Grundfragen.<\/p>\n\n\n\n<p>In unserem hektischen Alltagsgetriebe kann eine Stunde Cranio sein: entspannen, erholen, Stille, sich ausreden, sich sp\u00fcren, einfach schlafen, aus dem Kopf in den K\u00f6rper kommen, \u201erunterkommen\u201c, sich verwurzeln, dem stattfindenden Wandel nachsp\u00fcren, \u2026<\/p>\n\n\n\n<p>Gerade in diesen Zeiten, wo uns st\u00e4ndiger Wandel tagt\u00e4glich fordert und manchmal \u00fcberfordert, hilft Cranio wieder &#8222;in unsere Mitte zu kommen&#8220;, wieder zu wissen &#8222;wo uns der Kopf steht&#8220;. Cranio hilft, in unserem K\u00f6rper anzukommen, uns verankert und zu Hause zu f\u00fchlen. Genau da, wo wir &#8211; mit all unseren Sinnen &#8211; jetzt sind.<\/p>\n\n\n\n<figure class=\"wp-block-image size-large\"><img loading=\"lazy\" decoding=\"async\" width=\"1024\" height=\"682\" src=\"https:\/\/www.du-bist-das-meer.at\/wp-content\/uploads\/2022\/05\/Cranio_Liege-1024x682.jpg\" alt=\"\" class=\"wp-image-669\" srcset=\"https:\/\/www.du-bist-das-meer.at\/wp-content\/uploads\/2022\/05\/Cranio_Liege-1024x682.jpg 1024w, https:\/\/www.du-bist-das-meer.at\/wp-content\/uploads\/2022\/05\/Cranio_Liege-300x200.jpg 300w, https:\/\/www.du-bist-das-meer.at\/wp-content\/uploads\/2022\/05\/Cranio_Liege-768x512.jpg 768w, https:\/\/www.du-bist-das-meer.at\/wp-content\/uploads\/2022\/05\/Cranio_Liege-1536x1024.jpg 1536w, https:\/\/www.du-bist-das-meer.at\/wp-content\/uploads\/2022\/05\/Cranio_Liege.jpg 2000w\" sizes=\"auto, (max-width: 767px) 89vw, (max-width: 1000px) 54vw, (max-width: 1071px) 543px, 580px\" \/><\/figure>\n","protected":false},"excerpt":{"rendered":"<p>\u00bb Du bist nicht ein Tropfen im Ozean, sondern der Ozean in einem Tropfen \u00ab Rumi Warum \u00fcberhaupt Cranio Sacrale K\u00f6rperarbeit?Lat: \u201ecranium\u201c: Sch\u00e4del, \u201eos sacrum\u201c Kreuzbein Anforderungen unseres Alltags lassen uns h\u00e4ufig an, und \u00fcber unsere Grenzen gehen.Zeiten der Entspannung , die n\u00f6tig sind um gesund zu bleiben, werden meistens nicht selbstverst\u00e4ndlich im Tagesablauf verankert.Durch &hellip; <\/p>\n<p class=\"link-more\"><a href=\"https:\/\/www.du-bist-das-meer.at\/?page_id=401\" class=\"more-link\"><span class=\"screen-reader-text\">\u201eCranio\u201c <\/span>weiterlesen<\/a><\/p>\n","protected":false},"author":1,"featured_media":508,"parent":0,"menu_order":0,"comment_status":"closed","ping_status":"closed","template":"","meta":{"footnotes":""},"class_list":["post-401","page","type-page","status-publish","has-post-thumbnail","hentry"],"_links":{"self":[{"href":"https:\/\/www.du-bist-das-meer.at\/index.php?rest_route=\/wp\/v2\/pages\/401","targetHints":{"allow":["GET"]}}],"collection":[{"href":"https:\/\/www.du-bist-das-meer.at\/index.php?rest_route=\/wp\/v2\/pages"}],"about":[{"href":"https:\/\/www.du-bist-das-meer.at\/index.php?rest_route=\/wp\/v2\/types\/page"}],"author":[{"embeddable":true,"href":"https:\/\/www.du-bist-das-meer.at\/index.php?rest_route=\/wp\/v2\/users\/1"}],"replies":[{"embeddable":true,"href":"https:\/\/www.du-bist-das-meer.at\/index.php?rest_route=%2Fwp%2Fv2%2Fcomments&post=401"}],"version-history":[{"count":19,"href":"https:\/\/www.du-bist-das-meer.at\/index.php?rest_route=\/wp\/v2\/pages\/401\/revisions"}],"predecessor-version":[{"id":808,"href":"https:\/\/www.du-bist-das-meer.at\/index.php?rest_route=\/wp\/v2\/pages\/401\/revisions\/808"}],"wp:featuredmedia":[{"embeddable":true,"href":"https:\/\/www.du-bist-das-meer.at\/index.php?rest_route=\/wp\/v2\/media\/508"}],"wp:attachment":[{"href":"https:\/\/www.du-bist-das-meer.at\/index.php?rest_route=%2Fwp%2Fv2%2Fmedia&parent=401"}],"curies":[{"name":"wp","href":"https:\/\/api.w.org\/{rel}","templated":true}]}}