{"id":412,"date":"2021-03-14T20:17:08","date_gmt":"2021-03-14T19:17:08","guid":{"rendered":"https:\/\/www.du-bist-das-meer.at\/?page_id=412"},"modified":"2022-05-13T21:32:00","modified_gmt":"2022-05-13T19:32:00","slug":"biomechanik-viszerale","status":"publish","type":"page","link":"https:\/\/www.du-bist-das-meer.at\/?page_id=412","title":{"rendered":"Biomechanik \/ Viszerale"},"content":{"rendered":"\n<h2 class=\"wp-block-heading\">Was haben Knochen und andere K\u00f6rperteile mit Emotionen und Bildern zu tun?<br>Biomechanischer Ansatz &#8211; Viszerale &#8211; TCM Zusammenh\u00e4nge<\/h2>\n\n\n\n<p>Alles, was wir im Laufe unseres Lebens erleben, hat k\u00f6rperliche, emotionale, psychische und soziale Auswirkungen. Es bleiben Eindr\u00fccke, die &#8211; inneren Bildern gleich &#8211; gespeichert werden.<br>Sogar jede einzelne K\u00f6rperzelle \u201eerinnert\u201c sich! <br>Das Zellged\u00e4chtnis speichert Erinnerungen von der Zeit vor der Befruchtung- dem Einnisten &#8211; Schwangerschaft- Geburt- Kindheit- Jugend- \u2026 &#8211; bis heute. Der Zugang zum K\u00f6rper er\u00f6ffnet sich damit wie ein eigenst\u00e4ndiges, faszinierendes Universum!<\/p>\n\n\n\n<p>Durch unterschiedliche Ursachen wie Unf\u00e4lle, Verletzungen, Operationen, einschneidende Erlebnisse\/ Traumen, ung\u00fcnstige Ern\u00e4hrung, Stress, Bewegungsmangel, etc. wird der Energiefluss gest\u00f6rt, Blockaden bilden sich und k\u00f6nnen sich gegebenenfalls verfestigen.<\/p>\n\n\n\n<p>In der Cranio Sacralen Energiearbeit wird den Bewegungen\/ Blockierungen und ihrer Geschichte nachgesp\u00fcrt.<br>Auch in unserem K\u00f6rper gibt es, wie \u00fcberall in der Natur, Rhythmus: Bewegung und Stille. Knochen (biomechanischer Ansatz), Organe (viszeraler Ansatz), alle k\u00f6rperlichen Strukturen haben eine Eigenbewegung, die im Gesunden anders ist, als bei bestehenden Blockierungen.<br>Erg\u00e4nzend dazu hilft das Wissen der Traditionellen Chinesischen Medizin (TCM) Zusammenh\u00e4nge im komplexen menschlichen Organismus zu erkennen.<\/p>\n","protected":false},"excerpt":{"rendered":"<p>Was haben Knochen und andere K\u00f6rperteile mit Emotionen und Bildern zu tun?Biomechanischer Ansatz &#8211; Viszerale &#8211; TCM Zusammenh\u00e4nge Alles, was wir im Laufe unseres Lebens erleben, hat k\u00f6rperliche, emotionale, psychische und soziale Auswirkungen. Es bleiben Eindr\u00fccke, die &#8211; inneren Bildern gleich &#8211; gespeichert werden.Sogar jede einzelne K\u00f6rperzelle \u201eerinnert\u201c sich! Das Zellged\u00e4chtnis speichert Erinnerungen von der &hellip; <\/p>\n<p class=\"link-more\"><a href=\"https:\/\/www.du-bist-das-meer.at\/?page_id=412\" class=\"more-link\"><span class=\"screen-reader-text\">\u201eBiomechanik \/ Viszerale\u201c <\/span>weiterlesen<\/a><\/p>\n","protected":false},"author":1,"featured_media":501,"parent":0,"menu_order":0,"comment_status":"closed","ping_status":"closed","template":"","meta":{"footnotes":""},"class_list":["post-412","page","type-page","status-publish","has-post-thumbnail","hentry"],"_links":{"self":[{"href":"https:\/\/www.du-bist-das-meer.at\/index.php?rest_route=\/wp\/v2\/pages\/412","targetHints":{"allow":["GET"]}}],"collection":[{"href":"https:\/\/www.du-bist-das-meer.at\/index.php?rest_route=\/wp\/v2\/pages"}],"about":[{"href":"https:\/\/www.du-bist-das-meer.at\/index.php?rest_route=\/wp\/v2\/types\/page"}],"author":[{"embeddable":true,"href":"https:\/\/www.du-bist-das-meer.at\/index.php?rest_route=\/wp\/v2\/users\/1"}],"replies":[{"embeddable":true,"href":"https:\/\/www.du-bist-das-meer.at\/index.php?rest_route=%2Fwp%2Fv2%2Fcomments&post=412"}],"version-history":[{"count":8,"href":"https:\/\/www.du-bist-das-meer.at\/index.php?rest_route=\/wp\/v2\/pages\/412\/revisions"}],"predecessor-version":[{"id":663,"href":"https:\/\/www.du-bist-das-meer.at\/index.php?rest_route=\/wp\/v2\/pages\/412\/revisions\/663"}],"wp:featuredmedia":[{"embeddable":true,"href":"https:\/\/www.du-bist-das-meer.at\/index.php?rest_route=\/wp\/v2\/media\/501"}],"wp:attachment":[{"href":"https:\/\/www.du-bist-das-meer.at\/index.php?rest_route=%2Fwp%2Fv2%2Fmedia&parent=412"}],"curies":[{"name":"wp","href":"https:\/\/api.w.org\/{rel}","templated":true}]}}