{"id":414,"date":"2021-03-14T20:19:16","date_gmt":"2021-03-14T19:19:16","guid":{"rendered":"https:\/\/www.du-bist-das-meer.at\/?page_id=414"},"modified":"2025-11-27T16:38:06","modified_gmt":"2025-11-27T15:38:06","slug":"biodynamik","status":"publish","type":"page","link":"https:\/\/www.du-bist-das-meer.at\/?page_id=414","title":{"rendered":"Biodynamik"},"content":{"rendered":"\n<h2 class=\"wp-block-heading\">Was hat das Bild des Meeres mit Cranio Sacraler K\u00f6rperarbeit zu tun?<br>Biodynamischer Ansatz<\/h2>\n\n\n\n<p>Kennen Sie das Gef\u00fchl am Meer zu sitzen, die salzige Luft einzuatmen, innerlich weit zu werden und sich wohlzuf\u00fchlen? Wie \u201ezu Hause anzukommen\u201c.<br>Sie schauen in die Weite, dorthin wo sich Himmel und Meer treffen und sp\u00fcren die Bewegungen der Wellen f\u00f6rmlich im Inneren Ihres K\u00f6rpers. \u2026<\/p>\n\n\n\n<p>Solche lange Wellenbewegungen sind im biodynamischen Ansatz der Cranio Sacralen Energiearbeit in Ihrem K\u00f6rper wahrnehmbar.<br>Der menschliche K\u00f6rper besteht, je nach Alter und pers\u00f6nlicher Konstitution, aus rund 70-85% Wasser. Dort, wo Verletzungen bestehen oder emotionale Energien gestaut oder abgelagert wurden, f\u00fchlt sich dieser Rhythmus anders an, oder wird gar nicht wahrgenommen. Durch das Wahrnehmen der Bewegungen und durch die Resonanz Ihres K\u00f6rpers ist es m\u00f6glich, die Fl\u00fcssigkeit im gestauten, verschlackten, beeintr\u00e4chtigten Gewebe wieder ins Flie\u00dfen zu bringen und damit eine Neuausrichtung im K\u00f6rper bzw. die Selbstheilungskr\u00e4fte anzuregen.<\/p>\n\n\n\n<p>Auch die Natur schwingt so. Ihre wohltuende, heilsame Wirkung ist bekannt.<br>Der menschliche K\u00f6rper ist also gut eingebunden und aufgehoben als Teil der Natur, als Teil des Ganzen, verbunden durch die H\u00fclle unseres sichtbaren K\u00f6rpers, dem in der Cranio benannten \u201efluiden K\u00f6rper\u201c. Er enth\u00e4lt Emotionen, und mentale Erinnerungen bzw Ausrichtung wie zB Glaubenss\u00e4tze.<\/p>\n","protected":false},"excerpt":{"rendered":"<p>Was hat das Bild des Meeres mit Cranio Sacraler K\u00f6rperarbeit zu tun?Biodynamischer Ansatz Kennen Sie das Gef\u00fchl am Meer zu sitzen, die salzige Luft einzuatmen, innerlich weit zu werden und sich wohlzuf\u00fchlen? Wie \u201ezu Hause anzukommen\u201c.Sie schauen in die Weite, dorthin wo sich Himmel und Meer treffen und sp\u00fcren die Bewegungen der Wellen f\u00f6rmlich im &hellip; <\/p>\n<p class=\"link-more\"><a href=\"https:\/\/www.du-bist-das-meer.at\/?page_id=414\" class=\"more-link\"><span class=\"screen-reader-text\">\u201eBiodynamik\u201c <\/span>weiterlesen<\/a><\/p>\n","protected":false},"author":1,"featured_media":500,"parent":0,"menu_order":0,"comment_status":"closed","ping_status":"closed","template":"","meta":{"footnotes":""},"class_list":["post-414","page","type-page","status-publish","has-post-thumbnail","hentry"],"_links":{"self":[{"href":"https:\/\/www.du-bist-das-meer.at\/index.php?rest_route=\/wp\/v2\/pages\/414","targetHints":{"allow":["GET"]}}],"collection":[{"href":"https:\/\/www.du-bist-das-meer.at\/index.php?rest_route=\/wp\/v2\/pages"}],"about":[{"href":"https:\/\/www.du-bist-das-meer.at\/index.php?rest_route=\/wp\/v2\/types\/page"}],"author":[{"embeddable":true,"href":"https:\/\/www.du-bist-das-meer.at\/index.php?rest_route=\/wp\/v2\/users\/1"}],"replies":[{"embeddable":true,"href":"https:\/\/www.du-bist-das-meer.at\/index.php?rest_route=%2Fwp%2Fv2%2Fcomments&post=414"}],"version-history":[{"count":7,"href":"https:\/\/www.du-bist-das-meer.at\/index.php?rest_route=\/wp\/v2\/pages\/414\/revisions"}],"predecessor-version":[{"id":801,"href":"https:\/\/www.du-bist-das-meer.at\/index.php?rest_route=\/wp\/v2\/pages\/414\/revisions\/801"}],"wp:featuredmedia":[{"embeddable":true,"href":"https:\/\/www.du-bist-das-meer.at\/index.php?rest_route=\/wp\/v2\/media\/500"}],"wp:attachment":[{"href":"https:\/\/www.du-bist-das-meer.at\/index.php?rest_route=%2Fwp%2Fv2%2Fmedia&parent=414"}],"curies":[{"name":"wp","href":"https:\/\/api.w.org\/{rel}","templated":true}]}}