

{"id":559,"date":"2021-10-28T17:53:22","date_gmt":"2021-10-28T15:53:22","guid":{"rendered":"https:\/\/www.du-bist-das-meer.at\/?page_id=559"},"modified":"2026-01-17T22:09:33","modified_gmt":"2026-01-17T21:09:33","slug":"kontakt-2","status":"publish","type":"page","link":"https:\/\/www.du-bist-das-meer.at\/?page_id=559","title":{"rendered":"Kontakt"},"content":{"rendered":"\n<p class=\"has-medium-font-size\">Barbara W\u00f6rz<br>Telefon: +43(0)699\/81228765<br>Mail:        info(at)du-bist-das-meer.at<br>                  office(at)zentrum-im-sein.at<\/p>\n\n\n\n<h2 class=\"wp-block-heading\">Praxis Haitzawinkel<\/h2>\n\n\n\n<p>Haitzawinkel 11c\/1<br>3021 Pressbaum<\/p>\n\n\n\n<h2 class=\"wp-block-heading\">Praxis Im Mittelpunkt<\/h2>\n\n\n\n<p>Doktor-Neumann-Gasse 2<br>1230 Wien<\/p>\n\n\n\n<p>Auf Anfrage sind auch Hausbesuche bei Immobilit\u00e4t im n\u00e4heren Umkreis m\u00f6glich.<\/p>\n\n\n\n        <div id=\"map_ol3js_1\"\n       class=\"osm-map-container undefined\"\n             data-map_name=\"undefined\"\n             data-map=\"map_ol3js_1\"\n             data-autoshow=\"no\"\n             style=\"width:95%;\n                    max-width:100%;\n                    height:500px;\n                    display:block;\n                    overflow:hidden;\n                    border:thin solid orange;\">\n          <div id=\"map_ol3js_1_popup\" class=\"ol-popup\">\n            <a href=\"#\" id=\"map_ol3js_1_popup-closer\" class=\"ol-popup-closer\"><\/a>\n            <div id=\"map_ol3js_1_popup-content\"><\/div>\n          <\/div>\n        <\/div>\n    \n\n\t\t\t\t<script type=\"text\/javascript\">\n          translations['openlayer'] = \"open layer\";\n          translations['openlayerAtStartup'] = \"open layer at startup\";\n          translations['generateLink'] = \"link to this map with opened layers\";\n          translations['shortDescription'] = \"short description\";\n          translations['generatedShortCode'] = \"to get a text control link paste this code in your wordpress editor\";\n          translations['closeLayer'] = \"close layer\";\n          translations['cantGenerateLink'] = \"put this string in the existing map short code to control this map\";\n\t\t\t  <\/script>\n\n\n\t\t\t  <script type=\"text\/javascript\">\n\t\t\t  vectorM['map_ol3js_1'] = [];\n\t        \n        var raster = getTileLayer(\"osm\",\"NoKey\");\t\t\t\n\n\t\t\t  var map_ol3js_1 = new ol.Map({\n\t\t\t\tinteractions: ol.interaction.defaults.defaults({mouseWheelZoom:false}),\n\t\t\t\tlayers: [raster],\n\t\t\t\ttarget: \"map_ol3js_1\",\n\t\t\t\tview: new ol.View({\n\t\t\t\t  center: ol.proj.transform([16.0594,48.1850], \"EPSG:4326\", \"EPSG:3857\"),\n\t\t\t\t  zoom: 14\n\t\t\t\t})\n\t\t\t  });\n\t\t\t  \n    var style_map_ol3js_1_0 = {\n      \"Point\": [new ol.style.Style({\n\n          image: new ol.style.Icon({\n            anchor: [0.5, 41],\n            anchorXUnits: \"fraction\",\n            anchorYUnits: \"pixels\",\n            opacity: 0.75,\n            src: \"https:\/\/www.du-bist-das-meer.at\/wp-content\/plugins\/osm\/icons\/mic_blue_pinother_02.png\"\n          })\n      })],\n\n      \"LineString\": [new ol.style.Style({\n        stroke: new ol.style.Stroke({\n          color: \"blue\",\n          width: 8\n        })\n      })],\n      \"MultiLineString\": [new ol.style.Style({\n        stroke: new ol.style.Stroke({\n          color: \"blue\",\n          width: 4\n        })\n      })]\n    };\n\t\t  vectorL0 = new ol.layer.Vector({\n\n\t\t\tsource: new ol.source.Vector({\n\t\t  url:\"..\/..\/..\/..\/wp-content\/uploads\/osm\/OSM_02.kml\",\n\t\t\t  format: new ol.format.KML({ showPointNames: false})\n\t\t\t}),\n         zIndex: 92\n\t\t  });map_ol3js_1.addLayer(vectorL0);addControls2Map(map_ol3js_1,0,0,3,1,5,6,7,1,1);\nosm_addPopupClickhandler(map_ol3js_1,  \"map_ol3js_1\"); \nosm_addMouseHover(map_ol3js_1); <\/script>\n\n\n\n<p><strong>Anreise: <em>&#8211;&gt; Mit \u00f6ffentlichen Verkehrsmitteln:<\/em><\/strong><br>S 50 ab Wien Westbahnhof oder Wien H\u00fctteldorf bis D\u00fcrrwien (Fahrtdauer 31 Min. ab Westbahnhof, bzw. 22 Min. ab H\u00fctteldorf), dann 15 Minuten Fu\u00dfweg. Die Bahnstation oberhalb des Gleisk\u00f6rpers verlassen und entlang der Rossette Anday Stra\u00dfe entlang einer Wiese ein St\u00fcck in Richtung Norden gehen, bei der ersten Kreuzung rechts abbiegen und weiter entlang der Wiese in Richtung Osten gehen. Unten beginnt ein schmaler Waldweg, der entlang eines kleinen Bachs bei Fischteichen vorbei den Berg hinauf bis zur Brotsiedlung f\u00fchrt. Bei der Weggabelung im oberen Bereich links halten.<\/p>\n\n\n\n<p>REX ab Wien Westbahnhof oder Wien H\u00fctteldorf bis Pressbaum Bahnstation (Fahrtdauer 21 Min. ab Westbahnhof, bzw. 15 Min. ab H\u00fctteldorf) bzw. ab St. P\u00f6lten, dann 25 Min. Fu\u00dfweg.<\/p>\n\n\n\n<p><\/p>\n\n\n\n<p><strong>Anreise: <em>&#8211;&gt; Mit Auto<\/em><\/strong><br>A1, Abfahrt Pressbaum, beim Kreisverkehr auf die B44 in Richtung Neulengbach abfahren, nach 300 m bei Ampelkreuzung rechts in Richtung Haitzawinkel abbiegen, auf der Haitzawinkelstra\u00dfe den Berg hinauffahren bis zur Siedlung mit den Holzh\u00e4usern.<\/p>\n\n\n\n<h2 class=\"wp-block-heading\">Impressum<\/h2>\n\n\n\n<p><strong>Firma<\/strong><br>Barbara W\u00f6rz<br>Zentrum im Sein<br>Systemische Naturtherapie und K\u00f6rperarbeit<br>bis M\u00e4rz 2024: Cranio Sacrale Energiearbeit \u201edu-bist-das-meer\u201c<br><\/p>\n\n\n\n<p><strong>Standort<\/strong><br>Haitzawinkel 11c\/1<br>3021 Pressbaum<br>\u00d6sterreich<br><\/p>\n\n\n\n<p><strong>Kontakt<\/strong><br>T: +43(0)699 \/81228765<br>info(at)du-bist-das-meer.at, office(at)zentrum-im-sein.at<\/p>\n\n\n\n<p>Unternehmen: Ein-Personen-Unternehmen<br>Mitglied der WK\u00d6, WKN\u00d6, pers\u00f6nliche Dienstleister<br>Berufsrecht: Gewerbeordnung: <a href=\"http:\/\/www.ris.bka.gv.at\">www.ris.bka.gv.at<\/a><br>Gewerbebeh\u00f6rde: Bezirkshauptmannschaft St. P\u00f6lten, Fachgebiet Gewerberecht<br>Berufsbezeichnung: Humanenergetikerin, Zertifikat \u201eQM Berufliche Sorgfalt HE\u201c<br>Gewerbelaut: Hilfestellung zur Erreichung der k\u00f6rperlichen bzw. energetischen Ausgewogenheit mittels Cranio Sacal Balancing<br>Medieninhaber: Barbara W\u00f6rz, 3021 Pressbaum<br>Copyright: Die Weiterverwendung von Inhalten der Website (Texte, Fotos, etc.) ist ohne Genehmigung der Eigent\u00fcmerin nicht gestattet.<\/p>\n","protected":false},"excerpt":{"rendered":"<p>Barbara W\u00f6rzTelefon: +43(0)699\/81228765Mail: info(at)du-bist-das-meer.at office(at)zentrum-im-sein.at Praxis Haitzawinkel Haitzawinkel 11c\/13021 Pressbaum Praxis Im Mittelpunkt Doktor-Neumann-Gasse 21230 Wien Auf Anfrage sind auch Hausbesuche bei Immobilit\u00e4t im n\u00e4heren Umkreis m\u00f6glich. Anreise: &#8211;&gt; Mit \u00f6ffentlichen Verkehrsmitteln:S 50 ab Wien Westbahnhof oder Wien H\u00fctteldorf bis D\u00fcrrwien (Fahrtdauer 31 Min. ab Westbahnhof, bzw. 22 Min. ab H\u00fctteldorf), dann 15 Minuten Fu\u00dfweg. &hellip; <\/p>\n<p class=\"link-more\"><a href=\"https:\/\/www.du-bist-das-meer.at\/?page_id=559\" class=\"more-link\"><span class=\"screen-reader-text\">\u201eKontakt\u201c <\/span>weiterlesen<\/a><\/p>\n","protected":false},"author":1,"featured_media":0,"parent":0,"menu_order":0,"comment_status":"closed","ping_status":"closed","template":"","meta":{"footnotes":""},"class_list":["post-559","page","type-page","status-publish","hentry"],"_links":{"self":[{"href":"https:\/\/www.du-bist-das-meer.at\/index.php?rest_route=\/wp\/v2\/pages\/559","targetHints":{"allow":["GET"]}}],"collection":[{"href":"https:\/\/www.du-bist-das-meer.at\/index.php?rest_route=\/wp\/v2\/pages"}],"about":[{"href":"https:\/\/www.du-bist-das-meer.at\/index.php?rest_route=\/wp\/v2\/types\/page"}],"author":[{"embeddable":true,"href":"https:\/\/www.du-bist-das-meer.at\/index.php?rest_route=\/wp\/v2\/users\/1"}],"replies":[{"embeddable":true,"href":"https:\/\/www.du-bist-das-meer.at\/index.php?rest_route=%2Fwp%2Fv2%2Fcomments&post=559"}],"version-history":[{"count":28,"href":"https:\/\/www.du-bist-das-meer.at\/index.php?rest_route=\/wp\/v2\/pages\/559\/revisions"}],"predecessor-version":[{"id":839,"href":"https:\/\/www.du-bist-das-meer.at\/index.php?rest_route=\/wp\/v2\/pages\/559\/revisions\/839"}],"wp:attachment":[{"href":"https:\/\/www.du-bist-das-meer.at\/index.php?rest_route=%2Fwp%2Fv2%2Fmedia&parent=559"}],"curies":[{"name":"wp","href":"https:\/\/api.w.org\/{rel}","templated":true}]}}