{"id":8,"date":"2019-04-17T20:17:56","date_gmt":"2019-04-17T18:17:56","guid":{"rendered":"https:\/\/www.du-bist-das-meer.at\/?page_id=8"},"modified":"2026-01-17T21:48:32","modified_gmt":"2026-01-17T20:48:32","slug":"startseite","status":"publish","type":"page","link":"https:\/\/www.du-bist-das-meer.at\/","title":{"rendered":"Willkommen"},"content":{"rendered":"\n<figure class=\"wp-block-image size-large\"><img loading=\"lazy\" decoding=\"async\" width=\"1024\" height=\"576\" src=\"https:\/\/www.du-bist-das-meer.at\/wp-content\/uploads\/2022\/05\/Hand_Fuss-1024x576.jpg\" alt=\"\" class=\"wp-image-644\" srcset=\"https:\/\/www.du-bist-das-meer.at\/wp-content\/uploads\/2022\/05\/Hand_Fuss-1024x576.jpg 1024w, https:\/\/www.du-bist-das-meer.at\/wp-content\/uploads\/2022\/05\/Hand_Fuss-300x169.jpg 300w, https:\/\/www.du-bist-das-meer.at\/wp-content\/uploads\/2022\/05\/Hand_Fuss-768x432.jpg 768w, https:\/\/www.du-bist-das-meer.at\/wp-content\/uploads\/2022\/05\/Hand_Fuss-1536x864.jpg 1536w, https:\/\/www.du-bist-das-meer.at\/wp-content\/uploads\/2022\/05\/Hand_Fuss.jpg 2000w\" sizes=\"auto, (max-width: 767px) 89vw, (max-width: 1000px) 54vw, (max-width: 1071px) 543px, 580px\" \/><\/figure>\n\n\n\n<h2 class=\"wp-block-heading\">Hier sind Sie gut aufgehoben, wenn Sie<\/h2>\n\n\n\n<ul class=\"wp-block-list\">\n<li><strong>gesundheitspr\u00e4ventive <\/strong>K\u00f6rperarbeit machen<\/li>\n\n\n\n<li>Symptome Ihres K\u00f6rpers, sowie Ihrer physischen und emotionalen Verfassung <strong>ganzheitlich <\/strong>in den Blick nehmen<\/li>\n\n\n\n<li><strong>Regeneration <\/strong>in anstrengenden Lebensphasen (wie Schwangerschaft, Geburt, leben mit Kleinkindern\/ Familie, Pubert\u00e4t, Mehrfachbelastung, Krankheit (ggf. nach \u00e4rztl. R\u00fccksprache), Verlust\/Trennung, Wechseljahre, Trauer, Neuorientierung, \u2026)<\/li>\n\n\n\n<li>sich <strong>tiefenentspannt <\/strong>und gut im Fluss f\u00fchlen<\/li>\n\n\n\n<li>sich <strong>gut geerdet<\/strong>, bereit und gest\u00e4rkt f\u00fcr neue Aufgaben sein<\/li>\n\n\n\n<li><strong>neu Wachsendes<\/strong> entdecken und <strong>st\u00e4rken<\/strong><\/li>\n\n\n\n<li>lebensgeschichtlich \/ transgenerational bedingte Altlasten bzw. Schwere <strong>sein lassen<\/strong><\/li>\n\n\n\n<li>tiefliegende <strong>Ressourcen entdecken<\/strong><\/li>\n\n\n\n<li>sich in Ihrem Verk\u00f6rperungsprozess auch <strong>auf Zellebene<\/strong> <strong>wandeln <\/strong><\/li>\n\n\n\n<li><strong>Gehalten-Sein<\/strong> erfahren in Zeiten schwerer Erkrankung, im Sterben als BetroffeneR, An-\/Zugeh\u00f6rigeR, HinterbliebeneR <\/li>\n<\/ul>\n\n\n\n<h2 class=\"wp-block-heading\">und\/ oder das alles auch Ihrem Kind, Ihren An-\/ Zugeh\u00f6rigen erm\u00f6glichen wollen<\/h2>\n\n\n\n<h2 class=\"wp-block-heading\">Mein Arbeitsfeld der systemischen Naturtherapie finden Sie unter: <a href=\"http:\/\/www.zentrum-im-sein.at\">www.zentrum-im-sein.at<\/a><\/h2>\n\n\n\n<p><\/p>\n","protected":false},"excerpt":{"rendered":"<p>Hier sind Sie gut aufgehoben, wenn Sie und\/ oder das alles auch Ihrem Kind, Ihren An-\/ Zugeh\u00f6rigen erm\u00f6glichen wollen Mein Arbeitsfeld der systemischen Naturtherapie finden Sie unter: www.zentrum-im-sein.at<\/p>\n","protected":false},"author":1,"featured_media":0,"parent":0,"menu_order":0,"comment_status":"closed","ping_status":"closed","template":"","meta":{"footnotes":""},"class_list":["post-8","page","type-page","status-publish","hentry"],"_links":{"self":[{"href":"https:\/\/www.du-bist-das-meer.at\/index.php?rest_route=\/wp\/v2\/pages\/8","targetHints":{"allow":["GET"]}}],"collection":[{"href":"https:\/\/www.du-bist-das-meer.at\/index.php?rest_route=\/wp\/v2\/pages"}],"about":[{"href":"https:\/\/www.du-bist-das-meer.at\/index.php?rest_route=\/wp\/v2\/types\/page"}],"author":[{"embeddable":true,"href":"https:\/\/www.du-bist-das-meer.at\/index.php?rest_route=\/wp\/v2\/users\/1"}],"replies":[{"embeddable":true,"href":"https:\/\/www.du-bist-das-meer.at\/index.php?rest_route=%2Fwp%2Fv2%2Fcomments&post=8"}],"version-history":[{"count":23,"href":"https:\/\/www.du-bist-das-meer.at\/index.php?rest_route=\/wp\/v2\/pages\/8\/revisions"}],"predecessor-version":[{"id":831,"href":"https:\/\/www.du-bist-das-meer.at\/index.php?rest_route=\/wp\/v2\/pages\/8\/revisions\/831"}],"wp:attachment":[{"href":"https:\/\/www.du-bist-das-meer.at\/index.php?rest_route=%2Fwp%2Fv2%2Fmedia&parent=8"}],"curies":[{"name":"wp","href":"https:\/\/api.w.org\/{rel}","templated":true}]}}