{"id":9,"date":"2019-04-17T20:17:56","date_gmt":"2019-04-17T18:17:56","guid":{"rendered":"https:\/\/www.du-bist-das-meer.at\/?page_id=9"},"modified":"2024-11-29T12:56:54","modified_gmt":"2024-11-29T11:56:54","slug":"ueber-mich","status":"publish","type":"page","link":"https:\/\/www.du-bist-das-meer.at\/?page_id=9","title":{"rendered":"\u00dcber mich"},"content":{"rendered":"\n<figure class=\"wp-block-image size-large is-style-rounded\"><img loading=\"lazy\" decoding=\"async\" width=\"1024\" height=\"682\" src=\"https:\/\/www.du-bist-das-meer.at\/wp-content\/uploads\/2022\/05\/Portrait_g-1024x682.jpg\" alt=\"\" class=\"wp-image-651\" srcset=\"https:\/\/www.du-bist-das-meer.at\/wp-content\/uploads\/2022\/05\/Portrait_g-1024x682.jpg 1024w, https:\/\/www.du-bist-das-meer.at\/wp-content\/uploads\/2022\/05\/Portrait_g-300x200.jpg 300w, https:\/\/www.du-bist-das-meer.at\/wp-content\/uploads\/2022\/05\/Portrait_g-768x512.jpg 768w, https:\/\/www.du-bist-das-meer.at\/wp-content\/uploads\/2022\/05\/Portrait_g-1536x1024.jpg 1536w, https:\/\/www.du-bist-das-meer.at\/wp-content\/uploads\/2022\/05\/Portrait_g.jpg 2000w\" sizes=\"auto, (max-width: 767px) 89vw, (max-width: 1000px) 54vw, (max-width: 1071px) 543px, 580px\" \/><\/figure>\n\n\n\n<p>Geboren wurde ich 1971 in K\u00e4rnten, wo ich auch aufgewachsen bin.<\/p>\n\n\n\n<p>Nach langj\u00e4hriger Arbeit als Goldschmiedin und der als diplomierter Sozialarbeiterin im  Hospiz, ist es nun in der Cranio Sacralen Energiearbeit m\u00f6glich, die Arbeit der H\u00e4nde mit dem Erlernten der psychosozialen Begleitung zu verbinden.<\/p>\n\n\n\n<h2 class=\"wp-block-heading\">Selbstverst\u00e4ndnis \/ Haltung<\/h2>\n\n\n\n<p>Das, was mir im Leben begegnet ist, lernte ich im Laufe der Jahre als Spiegel zu sehen, der mich anleiten kann, Verletzungen durch Erlebnisse der Vergangenheit aufzusp\u00fcren und mit Hilfe so zu bearbeiten, bzw. ihnen Raum zu geben, sodass Heilung passieren kann.<br>Der \u201egute Grund\u201c der inneren Arbeit war, und ist die Liebe zu meinen beiden Kindern und meinem Mann, auch die Liebe zu mir und Allem was ist, dem Leben eben.<br>Nach der Ausbildung und Arbeit mit Familienaufstellungen, dem Erkennen systemischer Bez\u00fcge, ging es in jahrelanger Traumatherapie und K\u00f6rperarbeit immer weiter zur\u00fcck in meiner biographischen Zeit- und Ahnenlinie.<\/p>\n\n\n\n<p>W\u00e4hrenddessen, knapp 15 Jahre lang, begleitete ich, als Teil eines multiprofessionellen Teams, viele schwerkranke, sterbende Menschen und ihre An-\/Zugeh\u00f6rigen in ihrem krisenhaften Leben zu Hause. Dabei lernte ich viel \u00fcber die unterschiedlichen Arten zu leben, zu sterben, und \u00fcber die Zwischenr\u00e4ume, zwischen Menschen, zwischen Sichtbarem und Unsichtbarem in denen Wandlung (Erkennen) geschehen kann.<\/p>\n\n\n\n<p>Die Ausbildung zur Cranio Sacral Therapeutin begann im Herbst 2018 und dauerte bis Juni 2021.<br>Der Zugang zu einem Menschen \u00fcber den K\u00f6rper er\u00f6ffnet sich wie ein faszinierendes, komplexes, eigenst\u00e4ndiges Universum!<br>Zusammenh\u00e4nge zwischen K\u00f6rper, Emotionen, Bewusstwerdungsprozessen und den M\u00f6glichkeiten in der Cranio Sacralen Energiearbeit begeistern mich und lassen mich immer wieder staunend lernen.<\/p>\n\n\n\n<p>Eine weitere Quelle der Begeisterung liegt im Erforschen von Zusammenh\u00e4ngen, der Verbundenheit mit der Natur (der &#8222;anders als menschlichen&#8220;), das was uns gespiegelt wird, womit wir in Resonanz gehen, in all den Facetten unseres Daseins, und der Kraft der Ver\u00e4nderung, wie sie, h\u00e4ufig in Stille, passieren oder geschenkt werden kann.<\/p>\n\n\n\n<p>Daraus entstand ein weiteres Arbeitsfeld als systemische Naturtherapeutin.<br>Alle Informationen dazu finden Sie hier: <a href=\"https:\/\/www.zentrum-im-sein.at\/\">Zentrum im Sein.<\/a><\/p>\n\n\n\n<p>\u201eResonanzk\u00f6rper\u201c zu sein, singen, Stimme, Klang, Rhythmus, Musik sind weitere wichtige Bestandteile meines Lebens.<\/p>\n\n\n\n<p>Seit 2016 bin ich Teil einer spirituellen Gruppe in Wien, die die Sch\u00f6nheit und Liebe in Verbundenheit mit der Natur feiert. <a href=\"https:\/\/terrasagrada.info\/\">https:\/\/terrasagrada.info\/<\/a><\/p>\n\n\n\n<h2 class=\"wp-block-heading\">Aus-Fortbildungen<\/h2>\n\n\n\n<p>Die aktuellen Aus- und Fortbildungen umfassen sowohl das klassische Cranio Sacrale Denkmodell, wie auch das der biodynamischen Cranio Sacrale Osteopathie. Dar\u00fcber hinaus wird energetisch-diagnostisches Wissen der TCM (Traditionelle Chinesische Medizin) miteinbezogen. So geht es um eine m\u00f6glichst ganzheitliche Begleitung von Menschen.<\/p>\n\n\n\n<p><strong>CSIR Krems Cranio Sacrale Impuls Regulation<\/strong> (<a href=\"http:\/\/www.csir.at\/\">http:\/\/www.csir.at\/<\/a>)<br>(Kursleitung Tanja Thiry :<a href=\" https:\/\/www.thiry-herz.at\/\"> https:\/\/www.thiry-herz.at\/<\/a>)<br><\/p>\n\n\n\n<p>\u2022 Grundausbildung \u2022 Grundkurs \u2022 Praxiskurs \u2022 Intensivkurs \u2022 Diplomkurs<br>mit spezifischen Themen:<br>\u2022 Behandlung der Extremit\u00e4ten<br>\u2022 Behandlung der Wirbels\u00e4ule<br>\u2022 Becken aus ganzheitlicher Sicht<br>\u2022 \u201eDas Trio\u201c Axis-Atlas- Occiput<br>\u2022 Chronisches Ersch\u00f6pfungssyndrom<br>\u2022 Augenbehandlung aus der Sicht der CSIR<br>\u2022 Geriatrie<br>\u2022 Herz \/ Pericard<\/p>\n\n\n\n<div class=\"wp-block-group\"><div class=\"wp-block-group__inner-container is-layout-flow wp-block-group-is-layout-flow\"><\/div><\/div>\n\n\n\n<p><strong>Cranio Fortbildungen<\/strong>:<\/p>\n\n\n\n<p>\u2022 Die Gallenblase<br>\u2022 Kindliches Einn\u00e4ssen<br>\u2022 Kindliche H\u00fcftdysplasie<br>\u2022 Wirbels\u00e4ule und Organpathologie<br>\u2022 Immunsystem &#8211; Long Covid Syndrom<br>\u2022 &#8222;Frau im Mond&#8220; 1, 2, 3 : Pubert\u00e4t, Wechsel, Schwangerschaft aus Sicht der Frau<br>\u2022 Cranio-Viszerale Ausbildung,&#8220;Heilende Gespr\u00e4che mit den inneren Organen&#8220; 1, 2, 3,4,5:<br>Akupunktur-Meridianlehre, Herz, Lunge, Zwerchfell, Leber, Galle, Peritoneum, Magen, Milz, Darm, Nieren, Blase, gesamter Bauchraum.<\/p>\n\n\n\n<p>Im Feld von<strong> Palliativ Care<\/strong> zB.:<br>\u2022 zu den Themen: situative Gespr\u00e4chsf\u00fchrung, Demenz, Delir, Validation, Depression, Trauer, Haltung, Trauma,<br>Empathie und Mitgef\u00fchl, Ressourcen und Grenzen in der Begegnung und Begleitung<br>\u2022 Interprofessioneller Palliativlehrgang 2007\/2008, KKH, Wien<br>Titel der Projektarbeit: Sinneswahrnehmung und Sinnlichkeit im Zwischen-Raum der Begegnung mit sterbenden Menschen<br>\u2022 verschiedene Symposien, zB: Spiritualit\u00e4t am Lebensende, Trauma in Palliative Care<\/p>\n\n\n\n<p><strong>Aufstellungsarbeit:<\/strong><br>Lerngang Aufstellungsarbeit 2006\/2007<br>TIP-Institut, Wien (Dr. Christian Kern, Mag. Stefan D\u00f6rrer)<\/p>\n\n\n\n<p><strong>Systemische Naturtherapie<\/strong>:<br>Zertifikatslehrgang<br>Sympoi Institut vm. nature &amp; healing, Schweiz<br>August 2022- Feber 2024<br><a href=\"http:\/\/www.sympoi.ch\">www.sympoi.ch<\/a><\/p>\n\n\n\n<p><strong>Transpersonale Klangtherapie<\/strong> nach Dr. K\u00f6lbl:<br>Margret Fritz, Praxis Klangleben, Pressbaum<br>J\u00e4nner 2024 &#8211; laufend<br><a href=\"http:\/\/www.klangleben.at\">www.klangleben.at<\/a><br><\/p>\n","protected":false},"excerpt":{"rendered":"<p>Geboren wurde ich 1971 in K\u00e4rnten, wo ich auch aufgewachsen bin. Nach langj\u00e4hriger Arbeit als Goldschmiedin und der als diplomierter Sozialarbeiterin im Hospiz, ist es nun in der Cranio Sacralen Energiearbeit m\u00f6glich, die Arbeit der H\u00e4nde mit dem Erlernten der psychosozialen Begleitung zu verbinden. Selbstverst\u00e4ndnis \/ Haltung Das, was mir im Leben begegnet ist, lernte &hellip; <\/p>\n<p class=\"link-more\"><a href=\"https:\/\/www.du-bist-das-meer.at\/?page_id=9\" class=\"more-link\"><span class=\"screen-reader-text\">\u201e\u00dcber mich\u201c <\/span>weiterlesen<\/a><\/p>\n","protected":false},"author":1,"featured_media":504,"parent":0,"menu_order":0,"comment_status":"closed","ping_status":"closed","template":"","meta":{"footnotes":""},"class_list":["post-9","page","type-page","status-publish","has-post-thumbnail","hentry"],"_links":{"self":[{"href":"https:\/\/www.du-bist-das-meer.at\/index.php?rest_route=\/wp\/v2\/pages\/9","targetHints":{"allow":["GET"]}}],"collection":[{"href":"https:\/\/www.du-bist-das-meer.at\/index.php?rest_route=\/wp\/v2\/pages"}],"about":[{"href":"https:\/\/www.du-bist-das-meer.at\/index.php?rest_route=\/wp\/v2\/types\/page"}],"author":[{"embeddable":true,"href":"https:\/\/www.du-bist-das-meer.at\/index.php?rest_route=\/wp\/v2\/users\/1"}],"replies":[{"embeddable":true,"href":"https:\/\/www.du-bist-das-meer.at\/index.php?rest_route=%2Fwp%2Fv2%2Fcomments&post=9"}],"version-history":[{"count":77,"href":"https:\/\/www.du-bist-das-meer.at\/index.php?rest_route=\/wp\/v2\/pages\/9\/revisions"}],"predecessor-version":[{"id":824,"href":"https:\/\/www.du-bist-das-meer.at\/index.php?rest_route=\/wp\/v2\/pages\/9\/revisions\/824"}],"wp:featuredmedia":[{"embeddable":true,"href":"https:\/\/www.du-bist-das-meer.at\/index.php?rest_route=\/wp\/v2\/media\/504"}],"wp:attachment":[{"href":"https:\/\/www.du-bist-das-meer.at\/index.php?rest_route=%2Fwp%2Fv2%2Fmedia&parent=9"}],"curies":[{"name":"wp","href":"https:\/\/api.w.org\/{rel}","templated":true}]}}